{"id":94,"date":"2010-03-10T16:29:01","date_gmt":"2010-03-10T16:29:01","guid":{"rendered":"http:\/\/www.charmed-online.net\/nieuws\/?page_id=94"},"modified":"2018-10-08T12:26:08","modified_gmt":"2018-10-08T12:26:08","slug":"releases","status":"publish","type":"page","link":"https:\/\/www.charmed-online.nl\/?page_id=94","title":{"rendered":"Releases"},"content":{"rendered":"<p><center><img decoding=\"async\" src=\"\/afbeeldingen\/charmed\/release.png\"><\/center><\/p>\n<p>Hier vind wanneer Charmed in verschillende landen op de TV verscheen.<\/p>\n<p>USA &#8212; 7 Oktober 1998<br \/>\nSweden &#8212; 6 Januar1 1999<br \/>\nSwitzerland &#8212; 14 Februar1 1999 (Frande gedeelte)<br \/>\nFrance &#8212; 27 Februar1 1999<br \/>\nBrazil &#8212; 4 Maart 1999<br \/>\nIsrael &#8212; 7 Maart 1999<br \/>\nArgentina &#8212; 9 April 1999<br \/>\nAustria &#8212; 9 Mei 1999<br \/>\nGermany &#8212; 9 Mei 1999<br \/>\nUK &#8212; 12 Juli 1999<br \/>\nSlovenia &#8212; 3 September 1999<br \/>\nFinland &#8212; 13 September 1999<br \/>\nItaly &#8212; 22 December 1999<br \/>\nMalaysia &#8212; 11 Juni 2000<br \/>\nRussia &#8212; 1 Juni 2001<br \/>\nSpain &#8212; 8 Juli 2001<br \/>\nHungary &#8212; 19 Mei 2003 <\/p>\n<p><i>Hoe heet Charmed in andere landen zie het hier<\/i><\/p>\n<p>Italie &#8211; Streghe<br \/>\nDuitland &#8211; Charmed der Zaberhafte Hexen<br \/>\nArgentini\u00eb &#8211; Hechiceras<br \/>\nBosni\u00eb &#8211;\t\u010cari<br \/>\nBulgarije &#8211; \u0427\u0430\u0440\u043e\u0434\u0435\u0439\u043a\u0438\u0442\u0435<br \/>\nBrazili\u00eb &#8211; Jovens Bruxas<br \/>\nTjechie &#8211; Carodejky<br \/>\nDenenmarken -Heksene fra Warren Manor<br \/>\nEstland \tV\u00f5luv\u00e4gi<br \/>\nSpanje &#8211; Embrujadas<br \/>\nFinland\t&#8211; Siskoni on noita<br \/>\nGriekenland &#8211; \t\u039f\u03b9 \u03bc\u03ac\u03b3\u03b9\u03c3\u03c3\u03b5\u03c2<br \/>\nKroati\u00eb &#8211;\t\u010carobnice<br \/>\nHongarije &#8211; B\u0171b\u00e1jos boszork\u00e1k<br \/>\nLitouwen &#8211; San Francisko raganos<br \/>\nMexico\t&#8211; Hechiceras<br \/>\nPolend &#8211;\tCzarodziejki<br \/>\nPortugal &#8211; As Feiticeiras<br \/>\nRoemeni\u00eb &#8211;\tFarmece<br \/>\nServi\u00eb &#8211;\t\u010cari<br \/>\nRsland &#8211; \u0417\u0430\u0447\u0430\u0440\u043e\u0432\u0430\u043d\u043d\u044b\u0435<br \/>\nZweden\tF\u00f6rh\u00e4xad<br \/>\nSloveni\u00eb = \u010carovnice<br \/>\nVenezuela &#8211; Hechice<br \/>\nVietnam\t&#8211; Phep Thuat<\/p>\n<p> <a href=\"#\" onClick=\"history.back(-1)\"> Terug<\/a><\/p>\n","protected":false},"excerpt":{"rendered":"<p>Hier vind wanneer Charmed in verschillende landen op de TV verscheen. USA &#8212; 7 Oktober 1998 Sweden &#8212; 6 Januar1 1999 Switzerland &#8212; 14 Februar1 [&hellip;]<\/p>\n","protected":false},"author":1,"featured_media":0,"parent":2,"menu_order":0,"comment_status":"open","ping_status":"closed","template":"","meta":{"footnotes":""},"class_list":["post-94","page","type-page","status-publish","hentry"],"_links":{"self":[{"href":"https:\/\/www.charmed-online.nl\/index.php?rest_route=\/wp\/v2\/pages\/94","targetHints":{"allow":["GET"]}}],"collection":[{"href":"https:\/\/www.charmed-online.nl\/index.php?rest_route=\/wp\/v2\/pages"}],"about":[{"href":"https:\/\/www.charmed-online.nl\/index.php?rest_route=\/wp\/v2\/types\/page"}],"author":[{"embeddable":true,"href":"https:\/\/www.charmed-online.nl\/index.php?rest_route=\/wp\/v2\/users\/1"}],"replies":[{"embeddable":true,"href":"https:\/\/www.charmed-online.nl\/index.php?rest_route=%2Fwp%2Fv2%2Fcomments&post=94"}],"version-history":[{"count":5,"href":"https:\/\/www.charmed-online.nl\/index.php?rest_route=\/wp\/v2\/pages\/94\/revisions"}],"predecessor-version":[{"id":5569,"href":"https:\/\/www.charmed-online.nl\/index.php?rest_route=\/wp\/v2\/pages\/94\/revisions\/5569"}],"up":[{"embeddable":true,"href":"https:\/\/www.charmed-online.nl\/index.php?rest_route=\/wp\/v2\/pages\/2"}],"wp:attachment":[{"href":"https:\/\/www.charmed-online.nl\/index.php?rest_route=%2Fwp%2Fv2%2Fmedia&parent=94"}],"curies":[{"name":"wp","href":"https:\/\/api.w.org\/{rel}","templated":true}]}}