{"id":865,"date":"2011-07-18T20:50:27","date_gmt":"2011-07-18T20:50:27","guid":{"rendered":"http:\/\/www.charmed-online.net\/nieuws\/?page_id=865"},"modified":"2011-07-18T21:47:54","modified_gmt":"2011-07-18T21:47:54","slug":"1x05-dream-sorcerer","status":"publish","type":"page","link":"https:\/\/www.charmed-online.nl\/?page_id=865","title":{"rendered":"1&#215;05 Dream Sorcerer"},"content":{"rendered":"<p><center><img decoding=\"async\" src=\"\/Afbeeldingen\/Seizoen1-105.png\"><\/center><\/p>\n<p><strong>Plot<\/strong><br \/>\nPrue krijgt nachtmerries waarin een mysteriueze man haar probeert te vermoorden. Intussen spreken Piper en Phoebe een verleidingsspreuk uit om mannen aan te trekken, maar deze pakt anders uit dan ze verwachten. En de twee hebben moeite om hun aanbidders op een afstand te houden.<\/p>\n<p><strong>Spreuken<\/strong><\/p>\n<p><strong>Rituelen<\/strong><\/p>\n<p><strong>Demonen<\/strong><\/p>\n<p><strong>Weetjes<\/strong><br \/>\n&#8211; Dit is de eerste aflevering waarin Phoebe geen visioen krijgt<br \/>\n&#8211; De buitenkant van het gebouw waar Witacker vermoord wordt, is nog vaker te zien in de serie<br \/>\n&#8211; Prue laat weten dat ze 27 jaar is, hierdoor is ze geboren in 1971<br \/>\n&#8211; Dit is de eerste aflevering waarin geen magische vijand is.<br \/>\n&#8211; Orginele uitzenddatum: 4 november 1998<\/p>\n<p><strong>Quotes<\/strong><br \/>\nPhoebe: Don&#8217;t worry. We had safe sex. A lot of safe sex.<\/p>\n<p>First Guy: Are your parents terrorists? Cause, baby, you&#8217;re the bomb.<br \/>\nSecond Guy: Jim, Jim, ask her if it hurt when she fell.<br \/>\nPhoebe: Uh, excuse me?<br \/>\nGuy: When you fell from Heaven. Did it hurt? Cause I know an angel when I see one.<br \/>\nPhoebe: I&#8217;m no angel. I&#8217;m a witch. But don&#8217;t tell my sisters I told you.<\/p>\n<p>Piper: So, what\u2019s up?<br \/>\nPhoebe: I, uh, I found this spell. &#8220;How to attract a lover&#8221;.<br \/>\nPiper: No, Phoebe. Forget it. We\u2019re not casting any spells.<br \/>\nPhoebe: Come on. There must be more to our powers than warlock wasting. I\u2019m ready to have some fun with our magic.<br \/>\nPiper: No. No personal gain, remember?<br \/>\nPhoebe: How is it personal gain, if we\u2019re using our powers to bring happiness to another person. And in my case lots and lots of happiness&#8230; <\/p>\n<p>Andy: Brought your favourite.<br \/>\n(He hands Prue the take-away bag and she looks in it.)<br \/>\nPrue: Oh, cheeseburgers and fries.<br \/>\nAndy: Glad to see every bone in your body&#8217;s not broken.<br \/>\nPrue: What?<br \/>\nAndy: The car accident. Never mind.<br \/>\n(Andy gives Prue the rose.) <\/p>\n<p><strong>Internationaal<\/strong><br \/>\nEl Brujo Del Sueno (Spanje)<br \/>\nL&#8217;homme de mes r\u00eaves (Frankrijk)<br \/>\n\u010carod\u011bj sn\u016f (Tjechi\u00eb)<\/p>\n<p><strong>Gastrollen<\/strong><br \/>\nNeil Roberts (Rex Buckland)\/<br \/>\nMatt Schulze (Whitaker Berman\/Dream Sorcerer)<\/p>\n<p><strong>Muziek<\/strong><br \/>\n-A Stroke Of Luck door Garbage<\/p>\n","protected":false},"excerpt":{"rendered":"<p>Plot Prue krijgt nachtmerries waarin een mysteriueze man haar probeert te vermoorden. Intussen spreken Piper en Phoebe een verleidingsspreuk uit om mannen aan te trekken, [&hellip;]<\/p>\n","protected":false},"author":1,"featured_media":0,"parent":100,"menu_order":0,"comment_status":"open","ping_status":"open","template":"","meta":{"footnotes":""},"class_list":["post-865","page","type-page","status-publish","hentry"],"_links":{"self":[{"href":"https:\/\/www.charmed-online.nl\/index.php?rest_route=\/wp\/v2\/pages\/865","targetHints":{"allow":["GET"]}}],"collection":[{"href":"https:\/\/www.charmed-online.nl\/index.php?rest_route=\/wp\/v2\/pages"}],"about":[{"href":"https:\/\/www.charmed-online.nl\/index.php?rest_route=\/wp\/v2\/types\/page"}],"author":[{"embeddable":true,"href":"https:\/\/www.charmed-online.nl\/index.php?rest_route=\/wp\/v2\/users\/1"}],"replies":[{"embeddable":true,"href":"https:\/\/www.charmed-online.nl\/index.php?rest_route=%2Fwp%2Fv2%2Fcomments&post=865"}],"version-history":[{"count":5,"href":"https:\/\/www.charmed-online.nl\/index.php?rest_route=\/wp\/v2\/pages\/865\/revisions"}],"predecessor-version":[{"id":947,"href":"https:\/\/www.charmed-online.nl\/index.php?rest_route=\/wp\/v2\/pages\/865\/revisions\/947"}],"up":[{"embeddable":true,"href":"https:\/\/www.charmed-online.nl\/index.php?rest_route=\/wp\/v2\/pages\/100"}],"wp:attachment":[{"href":"https:\/\/www.charmed-online.nl\/index.php?rest_route=%2Fwp%2Fv2%2Fmedia&parent=865"}],"curies":[{"name":"wp","href":"https:\/\/api.w.org\/{rel}","templated":true}]}}