{"id":858,"date":"2011-07-18T20:46:32","date_gmt":"2011-07-18T20:46:32","guid":{"rendered":"http:\/\/www.charmed-online.net\/nieuws\/?page_id=858"},"modified":"2011-07-18T21:36:27","modified_gmt":"2011-07-18T21:36:27","slug":"1%c3%9702-i%e2%80%99ve-got-you-under-my-skin","status":"publish","type":"page","link":"https:\/\/www.charmed-online.nl\/?page_id=858","title":{"rendered":"1&#215;02 I\u2019ve Got You Under My Skin"},"content":{"rendered":"<p><center><img decoding=\"async\" src=\"\/Afbeeldingen\/Seizoen1-102.png\"><\/center><\/p>\n<p><strong>Plot<\/strong><br \/>\nPiper heeft moeite om haar angsten over haar nieuwe krachten op zij te zetten en vraagt zich af wat er gebeurt als ze een kerk binnenstapt. Prue krijgt een nieuwe baan bij een veilingshuis, en krijgt problemen met haar oude jeugdliefde Andy na een one-night-stand. Intussen ontmoet Phoebe een fotograaf die andere (demonische)bedoelingen heeft dan ze verwacht.<\/p>\n<p><strong>Spreuken<\/strong><\/p>\n<p><strong>Rituelen<\/strong><\/p>\n<p><strong>Demonen<\/strong><\/p>\n<p><strong>Weetjes<\/strong><br \/>\n&#8211; Andy&#8217;s favoriete film tijdens zijn jeugd was &#8216;Evil Dead II&#8217;<br \/>\n&#8211; Phoebe krijgt een visioen zonder iets aan te raken<br \/>\n&#8211; Dit is de eerste echte demon die de zusjes verslaan<br \/>\n&#8211; De hand of Fatima is een amulet uit het Islamitische geloof en beschermt tegen het boze oog<br \/>\n&#8211; Orginele uitzenddatum: 14 oktober 1998<\/p>\n<p><strong>Quotes<\/strong><br \/>\nPrue (to Phoebe): Nice dress.<br \/>\nPhoebe: Don&#8217;t worry, it&#8217;s not yours.<br \/>\nPrue: I know, I couldn&#8217;t afford it. <\/p>\n<p>Phoebe: Is that guy at the bar staring at me?<br \/>\nPiper: A lot of guys at the bar are staring at you.<\/p>\n<p>Piper: I could panic, and freeze the whole restaurant!<\/p>\n<p>Prue: What are you doing?<br \/>\nPiper: Uh&#8230;nothing just watching a show.<br \/>\nPrue: About wicthes? Are you worried we&#8217;re going to be burned at the stake?<br \/>\nPiper: Ha! Yeah right! <\/p>\n<p>Rex (referring to the elevator going straight to the floor Prue was heading for): That was strange. Lucky you, huh?<br \/>\nPrue: Yeah, I\u2019m charmed, all right. <\/p>\n<p><strong>Internationaal<\/strong><br \/>\nTe Llevo Bajo Mi Piel (Spanje)<br \/>\nA\u017e na k\u016f\u017ei (Tjechie)<br \/>\nJeunesse \u00e9ternelle (Frankrijk)<\/p>\n<p><strong>Gastrollen<\/strong><br \/>\nLeigh-Allyn Baker (Hannah Webster)<br \/>\nNeil Roberts (Rex Buckland)<br \/>\nMichael Philip (Stephan\/Javna)<\/p>\n<p><strong>Muziek<\/strong><br \/>\nTorn door Natalie Imbruglia<br \/>\nAnother Day In Paradise door Phil Collins<br \/>\nWalking On The Sun door Smash Mouth <\/p>\n","protected":false},"excerpt":{"rendered":"<p>Plot Piper heeft moeite om haar angsten over haar nieuwe krachten op zij te zetten en vraagt zich af wat er gebeurt als ze een [&hellip;]<\/p>\n","protected":false},"author":1,"featured_media":0,"parent":100,"menu_order":0,"comment_status":"open","ping_status":"open","template":"","meta":{"footnotes":""},"class_list":["post-858","page","type-page","status-publish","hentry"],"_links":{"self":[{"href":"https:\/\/www.charmed-online.nl\/index.php?rest_route=\/wp\/v2\/pages\/858","targetHints":{"allow":["GET"]}}],"collection":[{"href":"https:\/\/www.charmed-online.nl\/index.php?rest_route=\/wp\/v2\/pages"}],"about":[{"href":"https:\/\/www.charmed-online.nl\/index.php?rest_route=\/wp\/v2\/types\/page"}],"author":[{"embeddable":true,"href":"https:\/\/www.charmed-online.nl\/index.php?rest_route=\/wp\/v2\/users\/1"}],"replies":[{"embeddable":true,"href":"https:\/\/www.charmed-online.nl\/index.php?rest_route=%2Fwp%2Fv2%2Fcomments&post=858"}],"version-history":[{"count":5,"href":"https:\/\/www.charmed-online.nl\/index.php?rest_route=\/wp\/v2\/pages\/858\/revisions"}],"predecessor-version":[{"id":907,"href":"https:\/\/www.charmed-online.nl\/index.php?rest_route=\/wp\/v2\/pages\/858\/revisions\/907"}],"up":[{"embeddable":true,"href":"https:\/\/www.charmed-online.nl\/index.php?rest_route=\/wp\/v2\/pages\/100"}],"wp:attachment":[{"href":"https:\/\/www.charmed-online.nl\/index.php?rest_route=%2Fwp%2Fv2%2Fmedia&parent=858"}],"curies":[{"name":"wp","href":"https:\/\/api.w.org\/{rel}","templated":true}]}}