{"id":7453,"date":"2021-03-07T19:20:28","date_gmt":"2021-03-07T19:20:28","guid":{"rendered":"http:\/\/www.charmed-online.nl\/?page_id=7453"},"modified":"2021-03-07T19:27:48","modified_gmt":"2021-03-07T19:27:48","slug":"3x02-someones-gonna-die","status":"publish","type":"page","link":"https:\/\/www.charmed-online.nl\/?page_id=7453","title":{"rendered":"3&#215;02 Someone\u2019s Gonna Die"},"content":{"rendered":"<p><center><img decoding=\"async\" src=\"\/afbeeldingen\/charmed\/afleveringen\/Seizoen3-3x02.png\"><\/center><\/p>\n<p><strong>Plot<\/strong><br \/>\nVERTROUWENSPROBLEMEN \u2013 De verwoesting van het zusterschap komt dichterbij als de Charmes Ones het opnemen tegen de The Faction. Harry en Macy verschillen van mening over de mogelijke bondgenoot Julian.<\/p>\n<p><strong>Gastrollen<\/strong><br \/>\nEric Balfour als Julian Shea<br \/>\nPeyton List als Nadia\/Julian Shea<br \/>\nMelinda McGraw als Vivienne Laurent<br \/>\nKandyse McClure as The Guardian<br \/>\nBethany Brown als Ruby<br \/>\nEdward Foy als Ivan<br \/>\nChristin Park als Swan<br \/>\nLuka Cyprian als Julian Body Double<\/p>\n<p><strong>Galerij links:<\/strong><br \/>\n<strong>::<\/strong> <a href=\"\/gallery\/thumbnails.php?album=7212\">Afleveringstills<\/a><br \/>\n<strong>::<\/strong> <a href=\"\/gallery\/thumbnails.php?album=7142\">Achter de schermen<\/a><br \/>\n<strong>::<\/strong> <a href=\"\/gallery\/thumbnails.php?album=7243\">Screencaptures<\/a> <\/p>\n<p><strong>Muziek<\/strong><br \/>\nTrust Issues &#8211; LARAW<br \/>\nSurviving &#8211; LUCA FOGALE<\/p>\n<p><strong>Spreuken<\/strong><br \/>\n<i>Openen van de Zwater amber boom kamer<\/i> (door Macy Mel &#038; Maggie)<br \/>\nDona Additum<br \/>\n{Betekend: Naast geschenken)<\/p>\n<p><i>Wisselen van kaart in de commando center<\/i> (door Macy)<br \/>\nRevela daemonum inimicum.<br \/>\n{Betekend: Laat demonische activiteiten zien)<\/p>\n<p><i>Magische afluister oordopjes activeren<\/i> (door Macy Mel &#038; Maggie)<br \/>\nCimices Loquantur<br \/>\n{Betekend: Insecten praat)<\/p>\n<p><i>iemand nadoen spreuk<\/i> (door Macy<br \/>\n &#8211; (Veranderd Julian in Nadia)<br \/>\n{Betekend: -)<\/p>\n<p><em>Kracht van 3 spreuk<\/em> (Door Macy, Mel &#038; Maggie)<br \/>\nPotentia trium.<br \/>\n{Betekenis: Kracht van 3}<\/p>\n<p><em>Een doorgang voorgoed sluiten<\/em> (Door Macy, Mel &#038; Maggie)<br \/>\nSeal the path.<br \/>\nBlock the way.<br \/>\nSecure its hold till end of days.<br \/>\nSeal the path.<br \/>\nBlock the way.<br \/>\nSecure its hold till end of days.<br \/>\nSeal the path!<br \/>\nBlock the way!<br \/>\nSecure its hold till end of days.<\/p>\n<p><em>Om het tij te keren<\/em> (Door Macy, Mel &#038; Maggie) &#8211; Noodzakelijk \u00e9\u00e9n kristal en bloed van \u00e9\u00e9n van de coven leden.<br \/>\nCalling on the power deep inside<br \/>\nDraw from our coven side by side<br \/>\nTransform the current<br \/>\nTurn the tide<\/p>\n<p><strong>Rituelen &#038; objecten<\/strong><br \/>\n<i>Clarion Toverdrank<\/i>: Dit rode drankje zorg ervoor dat iemand zichzelf ander gaat zien, waarna dit nieuwe beeld doorgegeven aan iedereen met wie diegene in contact komt. \u00c9\u00e9n van de ingredi\u00ebnten en de tong van een Siren. Wordt gegeven aan Nadia om haar doen te geloven dat The Fraction niet bestaat.<\/p>\n<p><strong>Demonen &#038; Magische wezens ect.<\/strong><br \/>\n<em>Siren<\/em>: Een magische wezen met een onnatuurlijke rode tong.<\/p>\n<p><strong>Weetjes<\/strong><br \/>\n&#8211; Originele uitzenddatum Amerika: 31 januari 2021<\/p>\n<p><strong>Quotes<\/strong><br \/>\nMaggie: How did you do it, when you were in Afghanistan? How did you prevent yourself from panicking when there was death everywhere?<br \/>\nJordan: Don&#8217;t focus on the future. Just focus on the task in front of you. Breathe. Stay in the moment.<br \/>\nMaggie: Stay in the moment.<\/p>\n<p>Macy: Earbugs, magical headphones. I really should patent these.<\/p>\n<p><a href=\"#\" onClick=\"history.back(-1)\"> Terug<\/a><\/p>\n","protected":false},"excerpt":{"rendered":"<p>Plot VERTROUWENSPROBLEMEN \u2013 De verwoesting van het zusterschap komt dichterbij als de Charmes Ones het opnemen tegen de The Faction. Harry en Macy verschillen van [&hellip;]<\/p>\n","protected":false},"author":1,"featured_media":0,"parent":7442,"menu_order":0,"comment_status":"closed","ping_status":"closed","template":"","meta":{"footnotes":""},"class_list":["post-7453","page","type-page","status-publish","hentry"],"_links":{"self":[{"href":"https:\/\/www.charmed-online.nl\/index.php?rest_route=\/wp\/v2\/pages\/7453","targetHints":{"allow":["GET"]}}],"collection":[{"href":"https:\/\/www.charmed-online.nl\/index.php?rest_route=\/wp\/v2\/pages"}],"about":[{"href":"https:\/\/www.charmed-online.nl\/index.php?rest_route=\/wp\/v2\/types\/page"}],"author":[{"embeddable":true,"href":"https:\/\/www.charmed-online.nl\/index.php?rest_route=\/wp\/v2\/users\/1"}],"replies":[{"embeddable":true,"href":"https:\/\/www.charmed-online.nl\/index.php?rest_route=%2Fwp%2Fv2%2Fcomments&post=7453"}],"version-history":[{"count":2,"href":"https:\/\/www.charmed-online.nl\/index.php?rest_route=\/wp\/v2\/pages\/7453\/revisions"}],"predecessor-version":[{"id":7460,"href":"https:\/\/www.charmed-online.nl\/index.php?rest_route=\/wp\/v2\/pages\/7453\/revisions\/7460"}],"up":[{"embeddable":true,"href":"https:\/\/www.charmed-online.nl\/index.php?rest_route=\/wp\/v2\/pages\/7442"}],"wp:attachment":[{"href":"https:\/\/www.charmed-online.nl\/index.php?rest_route=%2Fwp%2Fv2%2Fmedia&parent=7453"}],"curies":[{"name":"wp","href":"https:\/\/api.w.org\/{rel}","templated":true}]}}