{"id":7448,"date":"2021-03-07T18:57:17","date_gmt":"2021-03-07T18:57:17","guid":{"rendered":"http:\/\/www.charmed-online.nl\/?page_id=7448"},"modified":"2021-03-07T19:03:17","modified_gmt":"2021-03-07T19:03:17","slug":"3x01-an-inconvenient-truth","status":"publish","type":"page","link":"https:\/\/www.charmed-online.nl\/?page_id=7448","title":{"rendered":"3&#215;01 An Inconvenient Truth"},"content":{"rendered":"<p><center><img decoding=\"async\" src=\"\/afbeeldingen\/charmed\/afleveringen\/Seizoen3-3x01.png\"><\/center><\/p>\n<p><strong>Plot<\/strong><br \/>\nSEIZOENSPREMIERE \u2014 The Charmed Ones&#8217; leven zijn in gevaar nu de The Faction dichterbij komt. Macy en Harry hebben moeite om hun relatie vorm te geven. <\/p>\n<p><strong>Gastrollen<\/strong><br \/>\nEric Balfour als Julian Shea<br \/>\nMelinda McGraw als Vivienne Laurent<br \/>\nPeyton List als Nadia<br \/>\nChristin Park als Swan<br \/>\nNatalie Trent als Florence<br \/>\nNathalie Babis als Rosemary Shea<br \/>\nTara Geraghty als Eleanor Anderson<br \/>\nArt Kitching als Scientist<br \/>\nDean Paul Gibson als Hildegrim<\/p>\n<p><strong>Galerij links:<\/strong><br \/>\n<strong>::<\/strong> <a href=\"\/gallery\/thumbnails.php?album=7211\">Afleveringstills<\/a><br \/>\n<strong>::<\/strong> <a href=\"\/gallery\/thumbnails.php?album=7141\">Achter de schermen<\/a><br \/>\n<strong>::<\/strong> <a href=\"\/gallery\/thumbnails.php?album=7242\">Screencaptures<\/a> <\/p>\n<p><strong>Muziek<\/strong><br \/>\nLight &#8216;em Up &#8211; II KINGS<br \/>\nHeros Never Die &#8211; LULU HAND GRENADE<\/p>\n<p><strong>Spreuken<\/strong><br \/>\n<i>Opsluitingsspreuk<\/i> (door Mel &#038; Maggie Vera )<br \/>\n&#8211; (niet te horen in de aflevering)<br \/>\n{Betekend: -)<\/p>\n<p><strong>Rituelen &#038; objecten<\/strong><br \/>\n<i>Celandine bloemen plant <\/i>: De geur van deze plant zou mensen gevangen in een schilderij met veeg van een penseel vrijlaten.<\/p>\n<p><i>Clarion Toverdrank<\/i>: Dit rode drankje zorg ervoor dat iemand zichzelf ander gaat zien, waarna dit nieuwe beeld doorgegeven aan iedereen met wie diegene in contact komt. \u00c9\u00e9n van de ingredi\u00ebnten en de tong van een Siren Jimmy neemt dit drankje in om een nieuwe start te kunnen maken. <\/p>\n<p><i>Glamour toverdrank:<\/i> Zorg ervoor dat iemand zijn uiterlijk kan veranderen. <\/p>\n<p><i>Open van een kluis toverdrank:<\/i> Zorg ervoor dat iemand de kluis geopend kan worden.<\/p>\n<p><strong>Demonen &#038; Magische wezens ect.<\/strong><br \/>\n<em>Siren<\/em>: Een magische wezen met een onnatuurlijke rode tong.<\/p>\n<p><strong>Weetjes<\/strong><br \/>\n&#8211; Originele uitzenddatum Amerika: 24 januari 2021<br \/>\n&#8211; Dit zou eigenlijk aflevering 2&#215;20 zijn, echter moesten  de opnames stoppen door corona-pandemie waarna besloten werd dat die de eerste aflevering van seizoen 3 zou worden.<br \/>\n&#8211; Celeste is deze afleving alleen te zien in videobeelden van vorige afleveringen<br \/>\n&#8211; In Witch Perfect werd benoemd stervelingen waren die onder invloed waren van de The Maestro om Te Devil&#8217;s Tritone te zingen om zo iedereen pijn te doen die het lied hoort. Nu blijk ook dat Sirens magische wezens kunnen zijn met een onnatuurlijke rode tong. <\/p>\n<p><strong>Quotes<\/strong><br \/>\nFlorence: \u266a Run, run, go away. Run. Run, go away. Live to die another day. \u266a<\/p>\n<p>Abigael: I tried to smash the demon patriarchy, so there.<br \/>\nJordan: Did you? Or did you just try to take it over?<\/p>\n<p>Macy: Cruella De Viv&#8217;s got a stockpile of money, manpower and magic.<\/p>\n<p><a href=\"#\" onClick=\"history.back(-1)\"> Terug<\/a><\/p>\n","protected":false},"excerpt":{"rendered":"<p>Plot SEIZOENSPREMIERE \u2014 The Charmed Ones&#8217; leven zijn in gevaar nu de The Faction dichterbij komt. Macy en Harry hebben moeite om hun relatie vorm [&hellip;]<\/p>\n","protected":false},"author":1,"featured_media":0,"parent":7442,"menu_order":0,"comment_status":"closed","ping_status":"closed","template":"","meta":{"footnotes":""},"class_list":["post-7448","page","type-page","status-publish","hentry"],"_links":{"self":[{"href":"https:\/\/www.charmed-online.nl\/index.php?rest_route=\/wp\/v2\/pages\/7448","targetHints":{"allow":["GET"]}}],"collection":[{"href":"https:\/\/www.charmed-online.nl\/index.php?rest_route=\/wp\/v2\/pages"}],"about":[{"href":"https:\/\/www.charmed-online.nl\/index.php?rest_route=\/wp\/v2\/types\/page"}],"author":[{"embeddable":true,"href":"https:\/\/www.charmed-online.nl\/index.php?rest_route=\/wp\/v2\/users\/1"}],"replies":[{"embeddable":true,"href":"https:\/\/www.charmed-online.nl\/index.php?rest_route=%2Fwp%2Fv2%2Fcomments&post=7448"}],"version-history":[{"count":6,"href":"https:\/\/www.charmed-online.nl\/index.php?rest_route=\/wp\/v2\/pages\/7448\/revisions"}],"predecessor-version":[{"id":7456,"href":"https:\/\/www.charmed-online.nl\/index.php?rest_route=\/wp\/v2\/pages\/7448\/revisions\/7456"}],"up":[{"embeddable":true,"href":"https:\/\/www.charmed-online.nl\/index.php?rest_route=\/wp\/v2\/pages\/7442"}],"wp:attachment":[{"href":"https:\/\/www.charmed-online.nl\/index.php?rest_route=%2Fwp%2Fv2%2Fmedia&parent=7448"}],"curies":[{"name":"wp","href":"https:\/\/api.w.org\/{rel}","templated":true}]}}