{"id":5662,"date":"2018-10-08T21:28:40","date_gmt":"2018-10-08T21:28:40","guid":{"rendered":"http:\/\/www.charmed-online.nl\/?page_id=5662"},"modified":"2018-10-25T20:46:12","modified_gmt":"2018-10-25T20:46:12","slug":"1x02-let-this-mother-out","status":"publish","type":"page","link":"https:\/\/www.charmed-online.nl\/?page_id=5662","title":{"rendered":"1&#215;02 Let This Mother Out"},"content":{"rendered":"<p><center><img decoding=\"async\" src=\"\/afbeeldingen\/charmed\/Seizoen1-1x02.png\"><\/center><\/p>\n<p><strong>Plot<\/strong><br \/>\nNadat ze een bericht krijgen op hun Ouija bord dat ze Harry niet moeten vertrouwen, zijn de zussen verward uiteindelijk komen ze met een plan om erachter te komen of hij de waarheid verteld. Wanhopig om de persoon te geloven die hen waarschuwt gaan ze tegen beter weten in en moet Harry hun proberen te helpen als hij erachter komt wat er speelt voor het te laat is. Ondertussen zijn de zussen geen eenheid doordat Mel en Macy moeite hebben om erachter te komen wie de echte grote zus is en Maggie zit er tussen. <\/p>\n<p><strong>Gastrollen<\/strong><br \/>\nValerie Cruz als Imposter Demon<br \/>\nNatalie Hall als Lucy<br \/>\nCharlie Gillespie als Brian<br \/>\nLeah Lewis als Angela Wu<br \/>\nBrendon Zub als Detective Bailey<br \/>\nNester Chapman als Janet<\/p>\n<p><strong>Muziek<\/strong><br \/>\nIn a Perfect World &#8211; ELASTIC BOND<br \/>\nJust Like Heaven &#8211; THE BIG BRIGHT<\/p>\n<p><strong>Spreuken<\/strong><br \/>\n<u>Om de geest uit het Quija Bord te bevrijden<\/u> door Mel en Maggie<br \/>\nIpsum revelare. Ipsum revelare. Ipsum revelare. {vertaling: Reveal yourself. Reveal yourself. Reveal yourself. }<\/p>\n<p><strong>Rituelen &#038; Objecten<\/strong><br \/>\n<center><img decoding=\"async\" src=\"\/afbeeldingen\/demonen\/r1x02-waarheid.png\" alt=\"\" \/ ALIGN=\"left\"><br \/>\n<u>Waarheidsserum<\/u><\/center> Een toverdrank in het Book of Shadows die ervoor zorgt dat iedereen die het drink de waarheid zal spreken. Zo&#8217;n halfuur nadat iemand het gedronken heeft begint het serum pas te werken. \u00c9\u00e9n van de ingredi\u00ebnten in passiebloem. Macy wil deze maken om aan Harry te geven om erachter te komen of hij te vertrouwen is of niet, echter wordt de thermoskan verwisseld met die van Nico. In de originele serie was hier een spreuk voor.<\/p>\n<p><center><img decoding=\"async\" src=\"\/afbeeldingen\/demonen\/r1x02-quija.png\" alt=\"\" \/ ALIGN=\"left\"><br \/>\n<u>Ouija bord<\/u><\/center> Macy, Mel en Maggie gebruiken het Quija bord dat een familie erfstuk is omdat contact te leggen met hun moeder Marisol. Ze hopen zo antwoord te krijgen op o.a. de vraag waarom ze Macy opgegeven heeft voor adoptie en wie haar vermoord heeft. Volgens Whitelighter Harry is het een magisch object dat kwetsbaar is voor bedriegers die er misbruik van maken om andere te misleiden.<\/p>\n<p><center><img decoding=\"async\" src=\"\/afbeeldingen\/demonen\/r1x02-prism.png\" alt=\"\" \/ ALIGN=\"left\"><br \/>\n<u>Prism of Souls<\/u><\/center> Dit is een magisch object dat gebruikt kan worden om de &#8216;Charmed Ones&#8217; hun krachten te ontnemen. Het is onverwoestbaar en dus alleen mogelijk om het te verstoppen zodat het niet in de verkeerde handen valt. Marisol Vera heeft hem verstop in de spiegel in haar kantoor op de universiteit. Een demon met de kracht andere bezitten probeert de zussen te misleiden door eruit te zien als hun moeder Marisol om de Prism of Souls te pakken te krijgen. Als ze uiteindelijk hier niet in trappen vragen ze Harry om het object voor hun veilig te stellen.<\/p>\n<p><strong>Demonen &#038; Magische wezens ect.<\/strong><br \/>\n<center><img decoding=\"async\" src=\"\/afbeeldingen\/demonen\/r1x02-imposer.png\" alt=\"\" \/ ALIGN=\"left\"><br \/>\n<u>Imposter Demon<\/u><\/center> Een demon met de kracht om andere bezetten en zo andere om de tuin te leiden. Deze demon neemt bezit van de geest van Marisol Vera om de &#8216;Prism Of Souls&#8217; te pakken te krijgen, door persoonlijke dingen te vertellen die alleen Marisol kan weten. De demon kan alleen verslagen worden als het zijn eigen reflectie ziet in bijvoorbeeld een spiegel of een &#8216;selfie&#8217;. Krachten zijn:<br \/>\n> Gedaanteverwisseling<br \/>\n> Bovennatuurlijk sterk en behendig zijn<br \/>\n> Kan zich verzetten tegen andere krachten.<\/p>\n<p><center><img decoding=\"async\" src=\"\/afbeeldingen\/demonen\/r1x02-harbinger.png\" alt=\"\" \/ ALIGN=\"left\"><br \/>\n<u>Harbinger of Hell<\/u><\/center> Een demon uit de derde voorspelling van de profetie over de apocalyps en de komst van de Source of All Evil. Het ziet eruit als een zwarte substantie slijm wat bezit probeert te nemen van anderen. In het begin van de aflevering dood het een schoonmaker in het lab van de universiteit, Macy verzamelt een monster hiervan. Aan het einde van de aflevering laat ze dit zien aan Harry als ze hem weer vertrouwd herkent hij wat het is. Uiteindelijk neemt het bezit van Angela Wu, een student van de universiteit die in coma lag.<\/p>\n<p><strong>Weetjes<\/strong><br \/>\n&#8211; Orginele uitzenddatum: 21 oktober 2018<br \/>\n&#8211; Er keken ongeveer 1,3 miljoen kijkers naar deze aflevering.<br \/>\n&#8211; Het Quija bord gaf aan dat ze Harry niet mochten vertrouwen, omdat de zussen bang zijn dat hij telkens als ze hem roepen verschijnt geven ze hem de bijnaam &#8216;Megan Markle&#8217;. Volgens Maggie logisch omdat zij getrouwd is met de Britse prins, die toevallig ook Harry heeft.<br \/>\n&#8211; Macy trekt in in de kamer van Marisol<br \/>\n&#8211; Maggie heeft op 8-jarige leeftijd voor haar moeder een waterpijp (bong) gemaakt nadat ze van haar had gebroken, ze wist toen echter niet wat ze kapot gemaakt had.<br \/>\n&#8211; De waarheidsdrank wordt per ongeluk gedronken door Niko waardoor ze onthult tijdens haar breuk met Mel met haar ex-verloofde naar bed te zijn geweest.<br \/>\n&#8211; Met de komst van de Harbinger of Hell zou het derde deel van de profetie over de apocalyps uit zijn gekomen, die de komst voorspelt van de Source of All Evil.<\/p>\n<p><strong>Quotes<\/strong><br \/>\nMacy: &#8220;Maybe I should switch to physics because I&#8217;m pretty sure we just exited a parallel dimension of the multiverse.&#8221;<\/p>\n<p>Maggie: &#8220;So now that everyone is listening to me, I have to give you guys some personal advice. You need to stop living in the past. I know it&#8217;s hard, but just forget you ever heard about Niko and Greta. That wasn&#8217;t meant for your ears. And you need to apologize to Galvin. Hey, if you don&#8217;t want me to read your minds, don&#8217;t let me touch you.&#8221;<\/p>\n<p>Maggie: &#8220;Meghan Markle!&#8221;<br \/>\nHarry Greenwood: &#8220;I beg your pardon? Oh.&#8221;<br \/>\nMaggie: &#8220;Oh. It&#8217;s your nickname. We say it so you don&#8217;t show up every time we say&#8221;<br \/>\nWe say it so you don&#8217;t show up every time we say&#8221;<br \/>\nHarry Greenwood: &#8220;I beg your pardon? Oh. What? I don&#8217;t show up every time you say &#8220;Harry,&#8221; only when you call out &#8220;Harry&#8221; with purpose. Why would I show up every time you say &#8220;Harry&#8221;? That&#8217;s absurd.&#8221;<\/p>\n<p><a href=\"#\" onClick=\"history.back(-1)\"> Terug<\/a><\/p>\n","protected":false},"excerpt":{"rendered":"<p>Plot Nadat ze een bericht krijgen op hun Ouija bord dat ze Harry niet moeten vertrouwen, zijn de zussen verward uiteindelijk komen ze met een [&hellip;]<\/p>\n","protected":false},"author":1,"featured_media":0,"parent":5647,"menu_order":0,"comment_status":"closed","ping_status":"closed","template":"","meta":{"footnotes":""},"class_list":["post-5662","page","type-page","status-publish","hentry"],"_links":{"self":[{"href":"https:\/\/www.charmed-online.nl\/index.php?rest_route=\/wp\/v2\/pages\/5662","targetHints":{"allow":["GET"]}}],"collection":[{"href":"https:\/\/www.charmed-online.nl\/index.php?rest_route=\/wp\/v2\/pages"}],"about":[{"href":"https:\/\/www.charmed-online.nl\/index.php?rest_route=\/wp\/v2\/types\/page"}],"author":[{"embeddable":true,"href":"https:\/\/www.charmed-online.nl\/index.php?rest_route=\/wp\/v2\/users\/1"}],"replies":[{"embeddable":true,"href":"https:\/\/www.charmed-online.nl\/index.php?rest_route=%2Fwp%2Fv2%2Fcomments&post=5662"}],"version-history":[{"count":11,"href":"https:\/\/www.charmed-online.nl\/index.php?rest_route=\/wp\/v2\/pages\/5662\/revisions"}],"predecessor-version":[{"id":5788,"href":"https:\/\/www.charmed-online.nl\/index.php?rest_route=\/wp\/v2\/pages\/5662\/revisions\/5788"}],"up":[{"embeddable":true,"href":"https:\/\/www.charmed-online.nl\/index.php?rest_route=\/wp\/v2\/pages\/5647"}],"wp:attachment":[{"href":"https:\/\/www.charmed-online.nl\/index.php?rest_route=%2Fwp%2Fv2%2Fmedia&parent=5662"}],"curies":[{"name":"wp","href":"https:\/\/api.w.org\/{rel}","templated":true}]}}