{"id":1557,"date":"2012-10-20T12:08:02","date_gmt":"2012-10-20T12:08:02","guid":{"rendered":"http:\/\/www.charmed-online.net\/nieuws\/?page_id=1557"},"modified":"2016-06-27T08:20:29","modified_gmt":"2016-06-27T08:20:29","slug":"8x01-still-charmed-and-kicking","status":"publish","type":"page","link":"https:\/\/www.charmed-online.nl\/?page_id=1557","title":{"rendered":"8&#215;01 Still Charmed and Kicking"},"content":{"rendered":"<p><center><img decoding=\"async\" src=\"\/Afbeeldingen\/afleveringen\/801.png\"><\/center><\/p>\n<p><strong>Plot<\/strong><br \/>\nNu iedereen denkt dat ze dood zijn beginnen de zusjes aan hun demon-vrij-leven met hun nieuwe identiteiten. Phoebe word overdonderd door een visioen van haar toekomstige man. Paige krijgt door haar whitelighter lot een een nieuwe Charge, een mysterieuze jonge heks. Piper probeert om te gaan met haar financieel problemen, haar club en haar kinderen. Intussen besluit een demoon dat hij de Manor wil hebben en maakt een plan om Victor te doden.<\/p>\n<p><strong>Gastrollen<\/strong><br \/>\nJames Read als Victor Bennett<br \/>\nJennifer Rhodes als Penny Halliwell<br \/>\nRebecca Balding als Elise Rothman<br \/>\nMykel Shannon Jenkins als Paul Haas<br \/>\nBrandon Quinn als Agent Murphy<br \/>\nJason Lewis als Dex Lawson<br \/>\nJanice Dickinson als zichzelf<\/p>\n<p><strong>Weetjes<\/strong><br \/>\n&#8211; Originele uitzenddatum: 29 september 2006<br \/>\n&#8211; Kaley Cuoco maakt vanaf nu deel uit van de vaste cast.<br \/>\n&#8211; Vanaf deze aflevering is Rose ook een producer van Charmed<br \/>\n&#8211; De zusjes en Leo&#8217;s nieuwe identiteiten zijn Jo Bennett (Paige), Jenny Bennett (Piper), Julie Bennett (Phoebe) and Louis (Leo).<br \/>\n&#8211; Piper krijgt in deze aflevering een nieuwe auto, 2005 Jeep Grand Cherokee.<\/p>\n<p><em>Internationale titels:<\/em><br \/>\nFrans: &#8220;Une Nouvelle Vie&#8221;<br \/>\nRusland: &#8220;Zatcharovannyye ne sdayutsya&#8221;<br \/>\nSpanje: &#8220;Aun Embrujadas e Incordiando&#8221;<br \/>\nTjechi\u00eb: &#8220;Nov\u00fd \u017eivot&#8221; (New Life)<br \/>\nServi\u00eb: Jo\u0161 uvek za\u010darane<\/p>\n<p><strong>Spreuken<\/strong><br \/>\n<em>Om een nieuwe identitiet te cre\u00ebren, behalve voor degene die je familie noemt (door: Phoebe)<\/em><br \/>\nI call upon the acient powers,<br \/>\nto mask us now and in future hours.<br \/>\nHide us well and barely,<br \/>\nbut not from those, we call family<\/p>\n<p><strong>Demonen &#038; magische wezens<\/strong><\/p>\n<p><center><img decoding=\"async\" src=\"\/Afbeeldingen\/demons\/801-billie.png\"><br \/>\n<b>Billie<\/b><\/center><br \/>\nEen nieuwe heks. Billie is Paige Charge en weet nog niet echt alles over de magische wereld. Zo vind ze demonen het einde maar weet nou niet precies wat ze zijn. Billie heeft de kracht van telekinesis<\/td>\n<p><center><img decoding=\"async\" src=\"\/Afbeeldingen\/demons\/801-penny.png\"><\/td>\n<p><b>Penny Halliwell<\/b><br \/>\nWanneer Paige erachter komt dat ze geen leven heeft buiten magie en de roep van haar nieuwe Charge niet kan negeren, vraagt ze hulp en een luisterend oor van haar oma.<\/td>\n<p><center><img decoding=\"async\" src=\"\/Afbeeldingen\/demons\/801-elder.png\"><\/td>\n<p><b>Elder<\/b><\/center><br \/>\nEen elder bezoekt Victor na de &#8216;dood&#8217; van de zussen om hem het aanbod te doen om Wyatt en Chris mee te nemen om hen zo te kunnen beschermen tegen de gevaren van de magische wereld.<\/td>\n<p><center><img decoding=\"async\" src=\"\/Afbeeldingen\/demons\/801-haas.png\"><\/td>\n<p><b>Paul Haas<\/b><\/center><br \/>\nDeze upper level demon wil de de controle kregen over de Nexus in de Manor nu de Charmed Ones dood zijn. Met als doel om de demonen wereld over te nemen, hij twijfelt aan het feit of de zusjes echt overleden zijn. <\/p>\n<p><strong>Quotes<\/strong><br \/>\nGrams: Whether or not you succeed remains to be seen. But you cannot deny that she&#8217;s being called by somebody. (to Paige) And you can&#8217;t deny it either.<br \/>\nPaige (feels a strong jingling): You&#8217;re right. I can&#8217;t deny it. Especially not right now!<\/p>\n<p>Phoebe runs into Dex in the elevator)<br \/>\nPhoebe (disguised as Julie): Oh, hi!<br \/>\nDex (wondering who she is): Hi!<br \/>\nPhoebe: Oh, that&#8217;s right. You don&#8217;t know who I am!<\/p>\n<p>Elise (about Phoebe): She was the best friend I could ever ask for.<br \/>\nPhoebe (disguised as Julie): That is so sweet!<br \/>\nElise: Oh I mean it. She was the best. I&#8217;m gonna miss her like crazy.<br \/>\nPhoebe: See now you&#8217;re gonna go and make me cry!<br \/>\nElise: It&#8217;s the truth. She was more than the heart and soul of this paper. She was the daughter I never had. (Starts to cry)<br \/>\nPhoebe (becomes emotional): Oh Elise. (Hugs her) I had no idea!<br \/>\n(She starts to stumble, as everyone looks in wonder)<br \/>\nPhoebe: I mean, Phoebe had no idea! I mean, she never told me how close you both\u2026 bu\u2026 then again, you know, why would she tell me because, you know, then, she, she\u2026 obviously she didn&#8217;t notice what&#8217;s gonna\u2026 happen\u2026 Carry on.<br \/>\n(She starts to leave, leaving everyone speechless)<\/p>\n<p>Phoebe: Look, you wanted a normal life more than all of us, right? So what&#8217;s changed all of the sudden?<br \/>\nPiper: I&#8217;m a little neurotic. What do you want from me?<\/p>\n<p>Piper: He was not hitting on me.<br \/>\nPhoebe: He was too. He was practically drooling on you.<br \/>\nPiper: Ok. First, I&#8217;m married. Secondly, he&#8217;s a salesman in a women&#8217;s shoe store. What are the chances he&#8217;s not gay?<\/p>\n<p>Dex (about Phoebe): I&#8217;ll never get over how somebody as beautiful as she was could be so incredibly insightful.<br \/>\nVictor: Em hmm!<br \/>\n(Phoebe, disguised as another woman, approaches him)<br \/>\nPhoebe: You don&#8217;t say!<br \/>\nVictor: Excuse me. Do you mind?<br \/>\nPhoebe: It&#8217;s all right. I got this. (to Dex) You were saying\u2026 about Phoebe.<br \/>\nDex: Just that aah\u2026 I thought she was great. Really great.<br \/>\nPhoebe: Then, why didn&#8217;t you ever ask her out?!<br \/>\nDex: What?<br \/>\n(Piper, also disguised, comes and pushes Dex to the door)<br \/>\nPiper: Thanks for coming. Sorry you have to go. Ok. Bye bye.<br \/>\nPhoebe: Piper, what are you doing?<br \/>\nPiper: What are you doing? You can&#8217;t pick up on a guy at a funeral!<br \/>\nPhoebe: Why not? It&#8217;s my funeral!<\/p>\n<p>Piper (to Victor): Barry Manilow?! Dad you booked Barry Manilow?<\/p>\n<p>Piper: The whole underworld is afraid of Wyatt. Apparently, my little guy&#8217;s reputation precedes itself.<\/p>\n<p>Billie (about a fireball a demon is holding): Doesn&#8217;t that burn your hand?<\/p>\n<p>Piper: What are you doing here?<br \/>\nGrams (about Paige): Trying to stop you from ganging up on your sister.<br \/>\nPiper: Well you&#8217;re sort of dead\u2026so this doesn&#8217;t concern you!<\/p>\n<p>Paige is upset because she has no life outside of magic)<br \/>\nGrams: I&#8217;ve got an afterlife to live, you know.<br \/>\nPaige: See! Even you have a life and your dead.<\/p>\n<p>A demon throws a fireball at Billie but she deflects it back, and it hits a seat in the movie theater.<br \/>\nBillie: Now help me out here, I&#8217;m new at this. Who pays for that?<\/p>\n","protected":false},"excerpt":{"rendered":"<p>Plot Nu iedereen denkt dat ze dood zijn beginnen de zusjes aan hun demon-vrij-leven met hun nieuwe identiteiten. Phoebe word overdonderd door een visioen van [&hellip;]<\/p>\n","protected":false},"author":1,"featured_media":0,"parent":117,"menu_order":0,"comment_status":"open","ping_status":"open","template":"","meta":{"footnotes":""},"class_list":["post-1557","page","type-page","status-publish","hentry"],"_links":{"self":[{"href":"https:\/\/www.charmed-online.nl\/index.php?rest_route=\/wp\/v2\/pages\/1557","targetHints":{"allow":["GET"]}}],"collection":[{"href":"https:\/\/www.charmed-online.nl\/index.php?rest_route=\/wp\/v2\/pages"}],"about":[{"href":"https:\/\/www.charmed-online.nl\/index.php?rest_route=\/wp\/v2\/types\/page"}],"author":[{"embeddable":true,"href":"https:\/\/www.charmed-online.nl\/index.php?rest_route=\/wp\/v2\/users\/1"}],"replies":[{"embeddable":true,"href":"https:\/\/www.charmed-online.nl\/index.php?rest_route=%2Fwp%2Fv2%2Fcomments&post=1557"}],"version-history":[{"count":10,"href":"https:\/\/www.charmed-online.nl\/index.php?rest_route=\/wp\/v2\/pages\/1557\/revisions"}],"predecessor-version":[{"id":3803,"href":"https:\/\/www.charmed-online.nl\/index.php?rest_route=\/wp\/v2\/pages\/1557\/revisions\/3803"}],"up":[{"embeddable":true,"href":"https:\/\/www.charmed-online.nl\/index.php?rest_route=\/wp\/v2\/pages\/117"}],"wp:attachment":[{"href":"https:\/\/www.charmed-online.nl\/index.php?rest_route=%2Fwp%2Fv2%2Fmedia&parent=1557"}],"curies":[{"name":"wp","href":"https:\/\/api.w.org\/{rel}","templated":true}]}}